{"id":74,"date":"2016-05-27T17:17:52","date_gmt":"2016-05-27T17:17:52","guid":{"rendered":"http:\/\/together-am-fuerberg.bkretschmann.de\/?page_id=74"},"modified":"2024-06-10T15:42:41","modified_gmt":"2024-06-10T13:42:41","slug":"vorstand","status":"publish","type":"page","link":"https:\/\/together-am-fuerberg.de\/?page_id=74","title":{"rendered":"F\u00f6rderverein"},"content":{"rendered":"<p>Helfen Sie mit &#8211; wir freuen uns \u00fcber tatkr\u00e4ftige Hilfe!<\/p>\n<table width=\"100%\">\n<tbody>\n<tr>\n<td>Foto folgt<\/td>\n<td><strong>Herr Isringhaus<\/strong><br \/>\nVorsitzender<\/td>\n<\/tr>\n<tr>\n<td style=\"text-align: left;\"><strong>Frau Giesecke\u00a0 \u00a0 \u00a0 \u00a0 \u00a0 \u00a0 \u00a0 \u00a0 \u00a0 \u00a0 \u00a0 \u00a0 \u00a0 \u00a0 \u00a0 \u00a0 \u00a0 \u00a0 \u00a0 \u00a0<\/strong>Stellvertretende Vorsitzende<\/td>\n<td>Foto folgt<\/td>\n<\/tr>\n<tr>\n<td>Foto folgt<\/td>\n<td><strong>Frau Venn<\/strong><br \/>\nSchriftf\u00fchrerin<\/td>\n<\/tr>\n<tr>\n<td style=\"text-align: right;\"><strong>Frau Fink<\/strong><\/p>\n<p>Kassenwartin<\/td>\n<td>Foto folgt<\/td>\n<\/tr>\n<\/tbody>\n<\/table>\n","protected":false},"excerpt":{"rendered":"<p>Helfen Sie mit &#8211; wir freuen uns \u00fcber tatkr\u00e4ftige Hilfe! Foto folgt Herr Isringhaus Vorsitzender Frau Giesecke\u00a0 \u00a0 \u00a0 \u00a0 \u00a0 \u00a0 \u00a0 \u00a0 \u00a0 \u00a0 \u00a0 \u00a0 \u00a0 \u00a0 &hellip; <a href=\"https:\/\/together-am-fuerberg.de\/?page_id=74\" class=\"more-link\"><span class=\"screen-reader-text\">F\u00f6rderverein<\/span> weiterlesen <span class=\"meta-nav\">&rarr;<\/span><\/a><\/p>\n","protected":false},"author":1,"featured_media":0,"parent":0,"menu_order":0,"comment_status":"closed","ping_status":"closed","template":"","meta":[],"_links":{"self":[{"href":"https:\/\/together-am-fuerberg.de\/index.php?rest_route=\/wp\/v2\/pages\/74"}],"collection":[{"href":"https:\/\/together-am-fuerberg.de\/index.php?rest_route=\/wp\/v2\/pages"}],"about":[{"href":"https:\/\/together-am-fuerberg.de\/index.php?rest_route=\/wp\/v2\/types\/page"}],"author":[{"embeddable":true,"href":"https:\/\/together-am-fuerberg.de\/index.php?rest_route=\/wp\/v2\/users\/1"}],"replies":[{"embeddable":true,"href":"https:\/\/together-am-fuerberg.de\/index.php?rest_route=%2Fwp%2Fv2%2Fcomments&post=74"}],"version-history":[{"count":15,"href":"https:\/\/together-am-fuerberg.de\/index.php?rest_route=\/wp\/v2\/pages\/74\/revisions"}],"predecessor-version":[{"id":2901,"href":"https:\/\/together-am-fuerberg.de\/index.php?rest_route=\/wp\/v2\/pages\/74\/revisions\/2901"}],"wp:attachment":[{"href":"https:\/\/together-am-fuerberg.de\/index.php?rest_route=%2Fwp%2Fv2%2Fmedia&parent=74"}],"curies":[{"name":"wp","href":"https:\/\/api.w.org\/{rel}","templated":true}]}}