{"id":61,"date":"2016-05-27T17:11:40","date_gmt":"2016-05-27T17:11:40","guid":{"rendered":"http:\/\/together-am-fuerberg.bkretschmann.de\/?page_id=61"},"modified":"2016-05-27T17:11:40","modified_gmt":"2016-05-27T17:11:40","slug":"paedagogik","status":"publish","type":"page","link":"https:\/\/together-am-fuerberg.de\/?page_id=61","title":{"rendered":"P\u00e4dagogik"},"content":{"rendered":"<p>P\u00e4dagogik erlebt man bei uns durch Inklusion, Partizipation, F\u00f6rderung der sozialen Kompetenz, das Prinzip &#8222;Hilf mir es selbst zu tun&#8220;, Bewegung und gesunde Ern\u00e4hrung.<\/p>\n","protected":false},"excerpt":{"rendered":"<p>P\u00e4dagogik erlebt man bei uns durch Inklusion, Partizipation, F\u00f6rderung der sozialen Kompetenz, das Prinzip &#8222;Hilf mir es selbst zu tun&#8220;, Bewegung und gesunde Ern\u00e4hrung.<\/p>\n","protected":false},"author":1,"featured_media":0,"parent":0,"menu_order":0,"comment_status":"closed","ping_status":"closed","template":"","meta":[],"_links":{"self":[{"href":"https:\/\/together-am-fuerberg.de\/index.php?rest_route=\/wp\/v2\/pages\/61"}],"collection":[{"href":"https:\/\/together-am-fuerberg.de\/index.php?rest_route=\/wp\/v2\/pages"}],"about":[{"href":"https:\/\/together-am-fuerberg.de\/index.php?rest_route=\/wp\/v2\/types\/page"}],"author":[{"embeddable":true,"href":"https:\/\/together-am-fuerberg.de\/index.php?rest_route=\/wp\/v2\/users\/1"}],"replies":[{"embeddable":true,"href":"https:\/\/together-am-fuerberg.de\/index.php?rest_route=%2Fwp%2Fv2%2Fcomments&post=61"}],"version-history":[{"count":0,"href":"https:\/\/together-am-fuerberg.de\/index.php?rest_route=\/wp\/v2\/pages\/61\/revisions"}],"wp:attachment":[{"href":"https:\/\/together-am-fuerberg.de\/index.php?rest_route=%2Fwp%2Fv2%2Fmedia&parent=61"}],"curies":[{"name":"wp","href":"https:\/\/api.w.org\/{rel}","templated":true}]}}