{"id":128,"date":"2016-05-27T18:29:09","date_gmt":"2016-05-27T18:29:09","guid":{"rendered":"http:\/\/together-am-fuerberg.bkretschmann.de\/?page_id=128"},"modified":"2019-06-12T09:14:44","modified_gmt":"2019-06-12T09:14:44","slug":"gesunde-ernaehrung","status":"publish","type":"page","link":"https:\/\/together-am-fuerberg.de\/?page_id=128","title":{"rendered":"Gesunde Ern\u00e4hrung"},"content":{"rendered":"<p>Nur wer verschiedene Anreize bekommt, kann sich auch weiterentwickeln. So ist es auch mit unseren Geschmacksnerven. Unser reichhaltiges Fr\u00fchst\u00fccksbuffet und unsere Nachmittagssnack bieten hierzu vielseitige Erfahrungsm\u00f6glichkeiten. Das Mittagessen wird durch frische Salate und Nachtische erg\u00e4nzt. S\u00fc\u00dfigkeiten, Nutella und Co. sind in unserer Einrichtung nicht verboten, sondern erw\u00fcnscht. Denn wer gesund isst, darf auch mal schnagern.<\/p>\n<div class='polaroid-gallery galleryid-128' style='width:510px;'>\n\t\t\t<a href=\"https:\/\/together-am-fuerberg.de\/wp-content\/uploads\/2016\/07\/gesunde-ernaehrung-1-1024x768.jpg\" title=\"Bald ist der selbstgepresste Orangensaft fertig\" rel=\"polaroid_822229839\" class=\"polaroid-gallery-item showcaption\"><span class=\"polaroid-gallery-image\" title=\"\" style=\"background-image: url(https:\/\/together-am-fuerberg.de\/wp-content\/uploads\/2016\/07\/gesunde-ernaehrung-1-150x150.jpg); width: 150px; height: 150px;\"><\/span><\/a>\n\t\t\t<a href=\"https:\/\/together-am-fuerberg.de\/wp-content\/uploads\/2017\/01\/Uff-Man-braucht-ganz-sch\u00f6ne-Muckies-die-ich-ja-zum-Gl\u00fcck-habe-1024x768.jpg\" title=\"Uff! Man braucht ganz sch\u00f6ne Muckies, die ich ja zum Gl\u00fcck habe\" rel=\"polaroid_822229839\" class=\"polaroid-gallery-item showcaption\"><span class=\"polaroid-gallery-image\" title=\"\" style=\"background-image: url(https:\/\/together-am-fuerberg.de\/wp-content\/uploads\/2017\/01\/Uff-Man-braucht-ganz-sch\u00f6ne-Muckies-die-ich-ja-zum-Gl\u00fcck-habe-150x150.jpg); width: 150px; height: 150px;\"><\/span><\/a>\n\t\t\t<a href=\"https:\/\/together-am-fuerberg.de\/wp-content\/uploads\/2018\/07\/Flei\u00dfige-Pizzab\u00e4cker-am-Werk.-Spinatpizza-schmeckt-uns-sehr-gut.jpg\" title=\"Flei\u00dfige Pizzab\u00e4cker am Werk. Spinatpizza schmeckt uns sehr gut\" rel=\"polaroid_822229839\" class=\"polaroid-gallery-item showcaption\"><span class=\"polaroid-gallery-image\" title=\"\" style=\"background-image: url(https:\/\/together-am-fuerberg.de\/wp-content\/uploads\/2018\/07\/Flei\u00dfige-Pizzab\u00e4cker-am-Werk.-Spinatpizza-schmeckt-uns-sehr-gut-150x150.jpg); width: 150px; height: 150px;\"><\/span><\/a>\n\t\t\t<br style=\"clear: both;\" \/>\n\t\t\t<a href=\"https:\/\/together-am-fuerberg.de\/wp-content\/uploads\/2018\/07\/Wie-gut-wir-die-Kartoffeln-schneiden-k\u00f6nnen.jpg\" title=\"Wie gut wir die Kartoffeln schneiden k\u00f6nnen\" rel=\"polaroid_822229839\" class=\"polaroid-gallery-item showcaption\"><span class=\"polaroid-gallery-image\" title=\"\" style=\"background-image: url(https:\/\/together-am-fuerberg.de\/wp-content\/uploads\/2018\/07\/Wie-gut-wir-die-Kartoffeln-schneiden-k\u00f6nnen-150x150.jpg); width: 150px; height: 150px;\"><\/span><\/a>\n\t\t\t<a href=\"https:\/\/together-am-fuerberg.de\/wp-content\/uploads\/2018\/07\/Spinathacken-ist-M\u00e4nnerarbeit.jpg\" title=\"Spinathacken ist M\u00e4nnerarbeit\" rel=\"polaroid_822229839\" class=\"polaroid-gallery-item showcaption\"><span class=\"polaroid-gallery-image\" title=\"\" style=\"background-image: url(https:\/\/together-am-fuerberg.de\/wp-content\/uploads\/2018\/07\/Spinathacken-ist-M\u00e4nnerarbeit-150x150.jpg); width: 150px; height: 150px;\"><\/span><\/a>\n\t\t\t<a href=\"https:\/\/together-am-fuerberg.de\/wp-content\/uploads\/2018\/07\/Die-Kartoffeln-zu-sch\u00e4len-ist-f\u00fcr-mich-kein-Problem.jpg\" title=\"Die Kartoffeln zu sch\u00e4len ist f\u00fcr mich kein Problem\" rel=\"polaroid_822229839\" class=\"polaroid-gallery-item showcaption\"><span class=\"polaroid-gallery-image\" title=\"\" style=\"background-image: url(https:\/\/together-am-fuerberg.de\/wp-content\/uploads\/2018\/07\/Die-Kartoffeln-zu-sch\u00e4len-ist-f\u00fcr-mich-kein-Problem-150x150.jpg); width: 150px; height: 150px;\"><\/span><\/a>\n\t\t\t<br style=\"clear: both;\" \/>\n\t\t\t<a href=\"https:\/\/together-am-fuerberg.de\/wp-content\/uploads\/2017\/12\/Backe-backe-Kuchen-der-B\u00e4cker-hat-gerufen...-768x1024.jpg\" title=\"Backe, backe Kuchen der B\u00e4cker hat gerufen&#8230;\" rel=\"polaroid_822229839\" class=\"polaroid-gallery-item showcaption\"><span class=\"polaroid-gallery-image\" title=\"\" style=\"background-image: url(https:\/\/together-am-fuerberg.de\/wp-content\/uploads\/2017\/12\/Backe-backe-Kuchen-der-B\u00e4cker-hat-gerufen...-150x150.jpg); width: 150px; height: 150px;\"><\/span><\/a>\n\t\t\t<a href=\"https:\/\/together-am-fuerberg.de\/wp-content\/uploads\/2019\/05\/Mit-viel-Konzentration-beim-Fischpanieren-f\u00fcr-selbstgemachte-Fischst\u00e4bchen.jpg\" title=\"Mit viel Konzentration beim Fischpanieren f\u00fcr selbstgemachte Fischst\u00e4bchen\" rel=\"polaroid_822229839\" class=\"polaroid-gallery-item showcaption\"><span class=\"polaroid-gallery-image\" title=\"\" style=\"background-image: url(https:\/\/together-am-fuerberg.de\/wp-content\/uploads\/2019\/05\/Mit-viel-Konzentration-beim-Fischpanieren-f\u00fcr-selbstgemachte-Fischst\u00e4bchen-150x150.jpg); width: 150px; height: 150px;\"><\/span><\/a>\n\t\t\t<a href=\"https:\/\/together-am-fuerberg.de\/wp-content\/uploads\/2019\/05\/Mal-schauen-was-es-am-M\u00fcslib\u00fcffett-zu-essen-gibt.jpg\" title=\"Mal schauen was es am M\u00fcslib\u00fcffett zu essen gibt\" rel=\"polaroid_822229839\" class=\"polaroid-gallery-item showcaption\"><span class=\"polaroid-gallery-image\" title=\"\" style=\"background-image: url(https:\/\/together-am-fuerberg.de\/wp-content\/uploads\/2019\/05\/Mal-schauen-was-es-am-M\u00fcslib\u00fcffett-zu-essen-gibt-150x150.jpg); width: 150px; height: 150px;\"><\/span><\/a>\n\t\t\t<br style=\"clear: both;\" \/>\n\t\t\t<a href=\"https:\/\/together-am-fuerberg.de\/wp-content\/uploads\/2019\/04\/Die-Koch-AG-knetet-mit-allen-Kr\u00e4ften-den-Nudelteig.jpg\" title=\"Die Koch-AG knetet mit allen Kr\u00e4ften den Nudelteig\" rel=\"polaroid_822229839\" class=\"polaroid-gallery-item showcaption\"><span class=\"polaroid-gallery-image\" title=\"\" style=\"background-image: url(https:\/\/together-am-fuerberg.de\/wp-content\/uploads\/2019\/04\/Die-Koch-AG-knetet-mit-allen-Kr\u00e4ften-den-Nudelteig-150x150.jpg); width: 150px; height: 150px;\"><\/span><\/a>\n\t\t\t<a href=\"https:\/\/together-am-fuerberg.de\/wp-content\/uploads\/2019\/01\/Mhh-lecker-Erdbeermarmelade-768x1024.jpg\" title=\"Mhh lecker Erdbeermarmelade\" rel=\"polaroid_822229839\" class=\"polaroid-gallery-item showcaption\"><span class=\"polaroid-gallery-image\" title=\"\" style=\"background-image: url(https:\/\/together-am-fuerberg.de\/wp-content\/uploads\/2019\/01\/Mhh-lecker-Erdbeermarmelade-150x150.jpg); width: 150px; height: 150px;\"><\/span><\/a>\n\t\t\t<a href=\"https:\/\/together-am-fuerberg.de\/wp-content\/uploads\/2019\/06\/Wir-schnibbeln-flei\u00dfig-f\u00fcr-eine-leckere-Bolognese-1024x768.jpg\" title=\"Wir schnibbeln flei\u00dfig f\u00fcr eine leckere Bolognese\" rel=\"polaroid_822229839\" class=\"polaroid-gallery-item showcaption\"><span class=\"polaroid-gallery-image\" title=\"\" style=\"background-image: url(https:\/\/together-am-fuerberg.de\/wp-content\/uploads\/2019\/06\/Wir-schnibbeln-flei\u00dfig-f\u00fcr-eine-leckere-Bolognese-150x150.jpg); width: 150px; height: 150px;\"><\/span><\/a>\n\t\t\t<br style=\"clear: both;\" \/><\/div>\n\n","protected":false},"excerpt":{"rendered":"<p>Nur wer verschiedene Anreize bekommt, kann sich auch weiterentwickeln. So ist es auch mit unseren Geschmacksnerven. Unser reichhaltiges Fr\u00fchst\u00fccksbuffet und unsere Nachmittagssnack bieten hierzu vielseitige Erfahrungsm\u00f6glichkeiten. Das Mittagessen wird durch &hellip; <a href=\"https:\/\/together-am-fuerberg.de\/?page_id=128\" class=\"more-link\"><span class=\"screen-reader-text\">Gesunde Ern\u00e4hrung<\/span> weiterlesen <span class=\"meta-nav\">&rarr;<\/span><\/a><\/p>\n","protected":false},"author":1,"featured_media":0,"parent":61,"menu_order":6,"comment_status":"closed","ping_status":"closed","template":"","meta":[],"_links":{"self":[{"href":"https:\/\/together-am-fuerberg.de\/index.php?rest_route=\/wp\/v2\/pages\/128"}],"collection":[{"href":"https:\/\/together-am-fuerberg.de\/index.php?rest_route=\/wp\/v2\/pages"}],"about":[{"href":"https:\/\/together-am-fuerberg.de\/index.php?rest_route=\/wp\/v2\/types\/page"}],"author":[{"embeddable":true,"href":"https:\/\/together-am-fuerberg.de\/index.php?rest_route=\/wp\/v2\/users\/1"}],"replies":[{"embeddable":true,"href":"https:\/\/together-am-fuerberg.de\/index.php?rest_route=%2Fwp%2Fv2%2Fcomments&post=128"}],"version-history":[{"count":6,"href":"https:\/\/together-am-fuerberg.de\/index.php?rest_route=\/wp\/v2\/pages\/128\/revisions"}],"predecessor-version":[{"id":1594,"href":"https:\/\/together-am-fuerberg.de\/index.php?rest_route=\/wp\/v2\/pages\/128\/revisions\/1594"}],"up":[{"embeddable":true,"href":"https:\/\/together-am-fuerberg.de\/index.php?rest_route=\/wp\/v2\/pages\/61"}],"wp:attachment":[{"href":"https:\/\/together-am-fuerberg.de\/index.php?rest_route=%2Fwp%2Fv2%2Fmedia&parent=128"}],"curies":[{"name":"wp","href":"https:\/\/api.w.org\/{rel}","templated":true}]}}