{"id":126,"date":"2016-05-27T18:28:48","date_gmt":"2016-05-27T18:28:48","guid":{"rendered":"http:\/\/together-am-fuerberg.bkretschmann.de\/?page_id=126"},"modified":"2022-03-30T16:42:10","modified_gmt":"2022-03-30T16:42:10","slug":"bewegung","status":"publish","type":"page","link":"https:\/\/together-am-fuerberg.de\/?page_id=126","title":{"rendered":"Bewegung"},"content":{"rendered":"<p>Bewegung hei\u00dft Leben und wir bewegen uns tagt\u00e4glich. Sei es im Stuhlkreis, auf unserem vielseitigen Au\u00dfengel\u00e4nde, in unserem bespielbaren Flur oder auch au\u00dferhalb der Kita z.B. im Stadtpark, wir schaffen Bewegungsanl\u00e4sse und bleiben auf Trab.<\/p>\n<div class='polaroid-gallery galleryid-126' style='width:510px;'>\n\t\t\t<a href=\"https:\/\/together-am-fuerberg.de\/wp-content\/uploads\/2016\/07\/bewegung-1024x768.jpg\" title=\"Gar nicht so einfach das Gleichgewicht zu halten\" rel=\"polaroid_1411964086\" class=\"polaroid-gallery-item showcaption\"><span class=\"polaroid-gallery-image\" title=\"\" style=\"background-image: url(https:\/\/together-am-fuerberg.de\/wp-content\/uploads\/2016\/07\/bewegung-150x150.jpg); width: 150px; height: 150px;\"><\/span><\/a>\n\t\t\t<a href=\"https:\/\/together-am-fuerberg.de\/wp-content\/uploads\/2016\/11\/Fallenbauer-und-mutige-Springer-683x1024.jpg\" title=\"Fallenbauer und mutige Springer\" rel=\"polaroid_1411964086\" class=\"polaroid-gallery-item showcaption\"><span class=\"polaroid-gallery-image\" title=\"\" style=\"background-image: url(https:\/\/together-am-fuerberg.de\/wp-content\/uploads\/2016\/11\/Fallenbauer-und-mutige-Springer-150x150.jpg); width: 150px; height: 150px;\"><\/span><\/a>\n\t\t\t<a href=\"https:\/\/together-am-fuerberg.de\/wp-content\/uploads\/2016\/10\/Mit-Schwung-in-Fahrt-gekommen-1024x768.jpg\" title=\"Mit Schwung in Fahrt gekommen\" rel=\"polaroid_1411964086\" class=\"polaroid-gallery-item showcaption\"><span class=\"polaroid-gallery-image\" title=\"\" style=\"background-image: url(https:\/\/together-am-fuerberg.de\/wp-content\/uploads\/2016\/10\/Mit-Schwung-in-Fahrt-gekommen-150x150.jpg); width: 150px; height: 150px;\"><\/span><\/a>\n\t\t\t<br style=\"clear: both;\" \/>\n\t\t\t<a href=\"https:\/\/together-am-fuerberg.de\/wp-content\/uploads\/2017\/10\/Im-Wald-kann-man-auch-einen-Hang-herunterrutschen-sieh-mal-so-wie-ich-1024x768.jpg\" title=\"Im Wald kann man auch einen Hang herunterrutschen, sieh mal- so wie ich\" rel=\"polaroid_1411964086\" class=\"polaroid-gallery-item showcaption\"><span class=\"polaroid-gallery-image\" title=\"\" style=\"background-image: url(https:\/\/together-am-fuerberg.de\/wp-content\/uploads\/2017\/10\/Im-Wald-kann-man-auch-einen-Hang-herunterrutschen-sieh-mal-so-wie-ich-150x150.jpg); width: 150px; height: 150px;\"><\/span><\/a>\n\t\t\t<a href=\"https:\/\/together-am-fuerberg.de\/wp-content\/uploads\/2018\/07\/Wie-eine-Artistin-im-Zirkus.jpg\" title=\"Wie eine Artistin im Zirkus\" rel=\"polaroid_1411964086\" class=\"polaroid-gallery-item showcaption\"><span class=\"polaroid-gallery-image\" title=\"\" style=\"background-image: url(https:\/\/together-am-fuerberg.de\/wp-content\/uploads\/2018\/07\/Wie-eine-Artistin-im-Zirkus-150x150.jpg); width: 150px; height: 150px;\"><\/span><\/a>\n\t\t\t<a href=\"https:\/\/together-am-fuerberg.de\/wp-content\/uploads\/2018\/07\/So-eine-gro\u00dfe-Rennbahn-muss-man-voll-ausnutzen.jpg\" title=\"So eine gro\u00dfe Rennbahn muss man voll ausnutzen\" rel=\"polaroid_1411964086\" class=\"polaroid-gallery-item showcaption\"><span class=\"polaroid-gallery-image\" title=\"\" style=\"background-image: url(https:\/\/together-am-fuerberg.de\/wp-content\/uploads\/2018\/07\/So-eine-gro\u00dfe-Rennbahn-muss-man-voll-ausnutzen-150x150.jpg); width: 150px; height: 150px;\"><\/span><\/a>\n\t\t\t<br style=\"clear: both;\" \/>\n\t\t\t<a href=\"https:\/\/together-am-fuerberg.de\/wp-content\/uploads\/2018\/07\/Auf-der-Trasse-kann-man-super-H\u00fcpfek\u00e4stchen-spielen.jpg\" title=\"Auf der Trasse kann man super H\u00fcpfek\u00e4stchen spielen\" rel=\"polaroid_1411964086\" class=\"polaroid-gallery-item showcaption\"><span class=\"polaroid-gallery-image\" title=\"\" style=\"background-image: url(https:\/\/together-am-fuerberg.de\/wp-content\/uploads\/2018\/07\/Auf-der-Trasse-kann-man-super-H\u00fcpfek\u00e4stchen-spielen-150x150.jpg); width: 150px; height: 150px;\"><\/span><\/a>\n\t\t\t<a href=\"https:\/\/together-am-fuerberg.de\/wp-content\/uploads\/2018\/05\/Ich-m\u00f6chte-hoch-hinaus.jpg\" title=\"Ich m\u00f6chte hoch hinaus\" rel=\"polaroid_1411964086\" class=\"polaroid-gallery-item showcaption\"><span class=\"polaroid-gallery-image\" title=\"\" style=\"background-image: url(https:\/\/together-am-fuerberg.de\/wp-content\/uploads\/2018\/05\/Ich-m\u00f6chte-hoch-hinaus-150x150.jpg); width: 150px; height: 150px;\"><\/span><\/a>\n\t\t\t<a href=\"https:\/\/together-am-fuerberg.de\/wp-content\/uploads\/2018\/05\/Gemeinsam-schaffen-wir-es-den-Berg-zu-bezwingen.jpg\" title=\"Gemeinsam schaffen wir es, den Berg zu bezwingen\" rel=\"polaroid_1411964086\" class=\"polaroid-gallery-item showcaption\"><span class=\"polaroid-gallery-image\" title=\"\" style=\"background-image: url(https:\/\/together-am-fuerberg.de\/wp-content\/uploads\/2018\/05\/Gemeinsam-schaffen-wir-es-den-Berg-zu-bezwingen-150x150.jpg); width: 150px; height: 150px;\"><\/span><\/a>\n\t\t\t<br style=\"clear: both;\" \/>\n\t\t\t<a href=\"https:\/\/together-am-fuerberg.de\/wp-content\/uploads\/2018\/04\/Wow-wie-toll-ich-schon-Laufrad-fahren-kann.-768x1024.jpg\" title=\"Wow, wie toll ich schon Laufrad fahren kann\" rel=\"polaroid_1411964086\" class=\"polaroid-gallery-item showcaption\"><span class=\"polaroid-gallery-image\" title=\"\" style=\"background-image: url(https:\/\/together-am-fuerberg.de\/wp-content\/uploads\/2018\/04\/Wow-wie-toll-ich-schon-Laufrad-fahren-kann.-150x150.jpg); width: 150px; height: 150px;\"><\/span><\/a>\n\t\t\t<a href=\"https:\/\/together-am-fuerberg.de\/wp-content\/uploads\/2017\/11\/Wir-arbeiten-Hand-in-Hand-im-Team-768x1024.jpg\" title=\"Wir arbeiten Hand in Hand im Team\" rel=\"polaroid_1411964086\" class=\"polaroid-gallery-item showcaption\"><span class=\"polaroid-gallery-image\" title=\"\" style=\"background-image: url(https:\/\/together-am-fuerberg.de\/wp-content\/uploads\/2017\/11\/Wir-arbeiten-Hand-in-Hand-im-Team-150x150.jpg); width: 150px; height: 150px;\"><\/span><\/a>\n\t\t\t<a href=\"https:\/\/together-am-fuerberg.de\/wp-content\/uploads\/2017\/12\/Ich-werde-ganz-bestimmt-mal-Profiboxer-1024x768.jpg\" title=\"Ich werde ganz bestimmt mal Profiboxer\" rel=\"polaroid_1411964086\" class=\"polaroid-gallery-item showcaption\"><span class=\"polaroid-gallery-image\" title=\"\" style=\"background-image: url(https:\/\/together-am-fuerberg.de\/wp-content\/uploads\/2017\/12\/Ich-werde-ganz-bestimmt-mal-Profiboxer-150x150.jpg); width: 150px; height: 150px;\"><\/span><\/a>\n\t\t\t<br style=\"clear: both;\" \/>\n\t\t\t<a href=\"https:\/\/together-am-fuerberg.de\/wp-content\/uploads\/2018\/04\/Mit-dem-Kletterseil-kommen-wir-endlich-auch-den-riesengro\u00dfen-H\u00fcgel-hinauf-1024x768.jpg\" title=\"Mit dem Kletterseil kommen wir endlich auch den  riesengro\u00dfen H\u00fcgel hinauf\" rel=\"polaroid_1411964086\" class=\"polaroid-gallery-item showcaption\"><span class=\"polaroid-gallery-image\" title=\"\" style=\"background-image: url(https:\/\/together-am-fuerberg.de\/wp-content\/uploads\/2018\/04\/Mit-dem-Kletterseil-kommen-wir-endlich-auch-den-riesengro\u00dfen-H\u00fcgel-hinauf-150x150.jpg); width: 150px; height: 150px;\"><\/span><\/a>\n\t\t\t<a href=\"https:\/\/together-am-fuerberg.de\/wp-content\/uploads\/2019\/03\/Huhu-ich-bin-hier-ganz-oben-768x1024.jpg\" title=\"Huhu, ich bin hier ganz oben\" rel=\"polaroid_1411964086\" class=\"polaroid-gallery-item showcaption\"><span class=\"polaroid-gallery-image\" title=\"\" style=\"background-image: url(https:\/\/together-am-fuerberg.de\/wp-content\/uploads\/2019\/03\/Huhu-ich-bin-hier-ganz-oben-150x150.jpg); width: 150px; height: 150px;\"><\/span><\/a>\n\t\t\t<a href=\"https:\/\/together-am-fuerberg.de\/wp-content\/uploads\/2019\/02\/Seht-her-wie-gut-ich-balancieren-kann-768x1024.jpg\" title=\"Seht her, wie gut ich balancieren kann\" rel=\"polaroid_1411964086\" class=\"polaroid-gallery-item showcaption\"><span class=\"polaroid-gallery-image\" title=\"\" style=\"background-image: url(https:\/\/together-am-fuerberg.de\/wp-content\/uploads\/2019\/02\/Seht-her-wie-gut-ich-balancieren-kann-150x150.jpg); width: 150px; height: 150px;\"><\/span><\/a>\n\t\t\t<br style=\"clear: both;\" \/>\n\t\t\t<a href=\"https:\/\/together-am-fuerberg.de\/wp-content\/uploads\/2019\/01\/Wenn-wir-aufgrund-Schneemangel-schon-nicht-Schlittenfahren-k\u00f6nnen-dann-machen-wir-dies-eben-anders.jpg\" title=\"Wenn wir aufgrund Schneemangel schon nicht Schlittenfahren k\u00f6nnen, dann machen wir dies eben anders\" rel=\"polaroid_1411964086\" class=\"polaroid-gallery-item showcaption\"><span class=\"polaroid-gallery-image\" title=\"\" style=\"background-image: url(https:\/\/together-am-fuerberg.de\/wp-content\/uploads\/2019\/01\/Wenn-wir-aufgrund-Schneemangel-schon-nicht-Schlittenfahren-k\u00f6nnen-dann-machen-wir-dies-eben-anders-150x150.jpg); width: 150px; height: 150px;\"><\/span><\/a>\n\t\t\t<a href=\"https:\/\/together-am-fuerberg.de\/wp-content\/uploads\/2019\/01\/Kumpels-in-Turnlaune.jpg\" title=\"Kumpels in Turnlaune\" rel=\"polaroid_1411964086\" class=\"polaroid-gallery-item showcaption\"><span class=\"polaroid-gallery-image\" title=\"\" style=\"background-image: url(https:\/\/together-am-fuerberg.de\/wp-content\/uploads\/2019\/01\/Kumpels-in-Turnlaune-150x150.jpg); width: 150px; height: 150px;\"><\/span><\/a>\n\t\t\t<a href=\"https:\/\/together-am-fuerberg.de\/wp-content\/uploads\/2021\/01\/Von-unten-sieht-die-Welt-ganz-anders-aus-768x1024.jpg\" title=\"Von unten sieht die Welt ganz anders aus\" rel=\"polaroid_1411964086\" class=\"polaroid-gallery-item showcaption\"><span class=\"polaroid-gallery-image\" title=\"\" style=\"background-image: url(https:\/\/together-am-fuerberg.de\/wp-content\/uploads\/2021\/01\/Von-unten-sieht-die-Welt-ganz-anders-aus-150x150.jpg); width: 150px; height: 150px;\"><\/span><\/a>\n\t\t\t<br style=\"clear: both;\" \/>\n\t\t\t<a href=\"https:\/\/together-am-fuerberg.de\/wp-content\/uploads\/2020\/02\/Ich-bin-ein-Kletterk\u00f6nig-768x1024.jpg\" title=\"Ich bin ein Kletterk\u00f6nig\" rel=\"polaroid_1411964086\" class=\"polaroid-gallery-item showcaption\"><span class=\"polaroid-gallery-image\" title=\"\" style=\"background-image: url(https:\/\/together-am-fuerberg.de\/wp-content\/uploads\/2020\/02\/Ich-bin-ein-Kletterk\u00f6nig-150x150.jpg); width: 150px; height: 150px;\"><\/span><\/a>\n\t\t\t<a href=\"https:\/\/together-am-fuerberg.de\/wp-content\/uploads\/2020\/02\/Heute-ging-es-hoch-hinaus-1024x768.jpg\" title=\"Heute ging es hoch hinaus\" rel=\"polaroid_1411964086\" class=\"polaroid-gallery-item showcaption\"><span class=\"polaroid-gallery-image\" title=\"\" style=\"background-image: url(https:\/\/together-am-fuerberg.de\/wp-content\/uploads\/2020\/02\/Heute-ging-es-hoch-hinaus-150x150.jpg); width: 150px; height: 150px;\"><\/span><\/a>\n\t\t\t<a href=\"https:\/\/together-am-fuerberg.de\/wp-content\/uploads\/2022\/02\/IMG_E7913.jpg\" title=\"Ich bin ganz mutig\" rel=\"polaroid_1411964086\" class=\"polaroid-gallery-item showcaption\"><span class=\"polaroid-gallery-image\" title=\"Ich bin ganz mutig\" style=\"background-image: url(https:\/\/together-am-fuerberg.de\/wp-content\/uploads\/2022\/02\/IMG_E7913-150x150.jpg); width: 150px; height: 150px;\"><\/span><\/a>\n\t\t\t<br style=\"clear: both;\" \/>\n\t\t\t<a href=\"https:\/\/together-am-fuerberg.de\/wp-content\/uploads\/2022\/02\/IMG_7633.jpg\" title=\"Ganz sch\u00f6n wackelig\" rel=\"polaroid_1411964086\" class=\"polaroid-gallery-item showcaption\"><span class=\"polaroid-gallery-image\" title=\"Ganz sch\u00f6n wackelig\" style=\"background-image: url(https:\/\/together-am-fuerberg.de\/wp-content\/uploads\/2022\/02\/IMG_7633-150x150.jpg); width: 150px; height: 150px;\"><\/span><\/a>\n\t\t\t<a href=\"https:\/\/together-am-fuerberg.de\/wp-content\/uploads\/2022\/02\/IMG_6537.jpg\" title=\"Vorsichtig den Ball balancieren\" rel=\"polaroid_1411964086\" class=\"polaroid-gallery-item showcaption\"><span class=\"polaroid-gallery-image\" title=\"Vorsichtig den Ball balancieren\" style=\"background-image: url(https:\/\/together-am-fuerberg.de\/wp-content\/uploads\/2022\/02\/IMG_6537-150x150.jpg); width: 150px; height: 150px;\"><\/span><\/a>\n\t\t\t<a href=\"https:\/\/together-am-fuerberg.de\/wp-content\/uploads\/2022\/02\/IMG_7059.jpg\" title=\"Auf B\u00e4ume klettern macht so viel Spa\u00df\" rel=\"polaroid_1411964086\" class=\"polaroid-gallery-item showcaption\"><span class=\"polaroid-gallery-image\" title=\"Auf B\u00e4ume klettern macht so viel Spa\u00df\" style=\"background-image: url(https:\/\/together-am-fuerberg.de\/wp-content\/uploads\/2022\/02\/IMG_7059-150x150.jpg); width: 150px; height: 150px;\"><\/span><\/a>\n\t\t\t<br style=\"clear: both;\" \/>\n\t\t\t<a href=\"https:\/\/together-am-fuerberg.de\/wp-content\/uploads\/2022\/02\/IMG_6082.jpg\" title=\"Aufgepasst, ich komme\" rel=\"polaroid_1411964086\" class=\"polaroid-gallery-item showcaption\"><span class=\"polaroid-gallery-image\" title=\"Aufgepasst, ich komme\" style=\"background-image: url(https:\/\/together-am-fuerberg.de\/wp-content\/uploads\/2022\/02\/IMG_6082-150x150.jpg); width: 150px; height: 150px;\"><\/span><\/a>\n\t\t\t<a href=\"https:\/\/together-am-fuerberg.de\/wp-content\/uploads\/2022\/02\/IMG_6304.jpg\" title=\"Stolze Architekten\" rel=\"polaroid_1411964086\" class=\"polaroid-gallery-item showcaption\"><span class=\"polaroid-gallery-image\" title=\"Stolze Architekten\" style=\"background-image: url(https:\/\/together-am-fuerberg.de\/wp-content\/uploads\/2022\/02\/IMG_6304-150x150.jpg); width: 150px; height: 150px;\"><\/span><\/a>\n\t\t\t<br style=\"clear: both;\" \/><\/div>\n\n","protected":false},"excerpt":{"rendered":"<p>Bewegung hei\u00dft Leben und wir bewegen uns tagt\u00e4glich. Sei es im Stuhlkreis, auf unserem vielseitigen Au\u00dfengel\u00e4nde, in unserem bespielbaren Flur oder auch au\u00dferhalb der Kita z.B. im Stadtpark, wir schaffen &hellip; <a href=\"https:\/\/together-am-fuerberg.de\/?page_id=126\" class=\"more-link\"><span class=\"screen-reader-text\">Bewegung<\/span> weiterlesen <span class=\"meta-nav\">&rarr;<\/span><\/a><\/p>\n","protected":false},"author":1,"featured_media":0,"parent":61,"menu_order":5,"comment_status":"closed","ping_status":"closed","template":"","meta":[],"_links":{"self":[{"href":"https:\/\/together-am-fuerberg.de\/index.php?rest_route=\/wp\/v2\/pages\/126"}],"collection":[{"href":"https:\/\/together-am-fuerberg.de\/index.php?rest_route=\/wp\/v2\/pages"}],"about":[{"href":"https:\/\/together-am-fuerberg.de\/index.php?rest_route=\/wp\/v2\/types\/page"}],"author":[{"embeddable":true,"href":"https:\/\/together-am-fuerberg.de\/index.php?rest_route=\/wp\/v2\/users\/1"}],"replies":[{"embeddable":true,"href":"https:\/\/together-am-fuerberg.de\/index.php?rest_route=%2Fwp%2Fv2%2Fcomments&post=126"}],"version-history":[{"count":8,"href":"https:\/\/together-am-fuerberg.de\/index.php?rest_route=\/wp\/v2\/pages\/126\/revisions"}],"predecessor-version":[{"id":2447,"href":"https:\/\/together-am-fuerberg.de\/index.php?rest_route=\/wp\/v2\/pages\/126\/revisions\/2447"}],"up":[{"embeddable":true,"href":"https:\/\/together-am-fuerberg.de\/index.php?rest_route=\/wp\/v2\/pages\/61"}],"wp:attachment":[{"href":"https:\/\/together-am-fuerberg.de\/index.php?rest_route=%2Fwp%2Fv2%2Fmedia&parent=126"}],"curies":[{"name":"wp","href":"https:\/\/api.w.org\/{rel}","templated":true}]}}