{"id":124,"date":"2016-05-27T18:28:23","date_gmt":"2016-05-27T18:28:23","guid":{"rendered":"http:\/\/together-am-fuerberg.bkretschmann.de\/?page_id=124"},"modified":"2021-01-26T12:31:01","modified_gmt":"2021-01-26T12:31:01","slug":"das-prinzip-hilf-mir-es-selbst-zu-tun","status":"publish","type":"page","link":"https:\/\/together-am-fuerberg.de\/?page_id=124","title":{"rendered":"Das Prinzip \u201eHilf mir es selbst zu tun\u201c"},"content":{"rendered":"<p>Wir lernen unsere St\u00e4rken zu St\u00e4rken und dadurch unsere Schw\u00e4chen abzuschw\u00e4chen. Jeder Mensch hat individuelle F\u00e4higkeiten die ihn zu einer eigenst\u00e4ndigen Pers\u00f6nlichkeit wachsen lassen. Die Unterst\u00fctzung dieses Entwicklungsprozesses ist unser t\u00e4gliches Bestreben.<\/p>\n<div class='polaroid-gallery galleryid-124' style='width:510px;'>\n\t\t\t<a href=\"https:\/\/together-am-fuerberg.de\/wp-content\/uploads\/2016\/07\/selbsthilfe-2-1024x768.jpg\" title=\"Zuerst die Milch zu den Bananen geben\" rel=\"polaroid_341238498\" class=\"polaroid-gallery-item showcaption\"><span class=\"polaroid-gallery-image\" title=\"\" style=\"background-image: url(https:\/\/together-am-fuerberg.de\/wp-content\/uploads\/2016\/07\/selbsthilfe-2-150x150.jpg); width: 150px; height: 150px;\"><\/span><\/a>\n\t\t\t<a href=\"https:\/\/together-am-fuerberg.de\/wp-content\/uploads\/2016\/07\/selbsthilfe-3-1024x768.jpg\" title=\"Als zweiten Schritt den Mixer an machen- fertig ist die Bananenmilch\" rel=\"polaroid_341238498\" class=\"polaroid-gallery-item showcaption\"><span class=\"polaroid-gallery-image\" title=\"\" style=\"background-image: url(https:\/\/together-am-fuerberg.de\/wp-content\/uploads\/2016\/07\/selbsthilfe-3-150x150.jpg); width: 150px; height: 150px;\"><\/span><\/a>\n\t\t\t<a href=\"https:\/\/together-am-fuerberg.de\/wp-content\/uploads\/2018\/03\/Erst-einmal-muss-ich-mich-im-Spiegel-betrachten-und-dann-male-ich-mich-selbst..jpg\" title=\"Erst einmal muss ich mich im Spiegel betrachten und dann male ich mich selbst\" rel=\"polaroid_341238498\" class=\"polaroid-gallery-item showcaption\"><span class=\"polaroid-gallery-image\" title=\"\" style=\"background-image: url(https:\/\/together-am-fuerberg.de\/wp-content\/uploads\/2018\/03\/Erst-einmal-muss-ich-mich-im-Spiegel-betrachten-und-dann-male-ich-mich-selbst.-150x150.jpg); width: 150px; height: 150px;\"><\/span><\/a>\n\t\t\t<br style=\"clear: both;\" \/>\n\t\t\t<a href=\"https:\/\/together-am-fuerberg.de\/wp-content\/uploads\/2018\/02\/Erster-Umgang-mit-der-Schere-ist-schon-eine-neue-coole-Erfahrung-1024x768.jpg\" title=\"Erster Umgang mit der Schere ist schon eine neue coole Erfahrung\" rel=\"polaroid_341238498\" class=\"polaroid-gallery-item showcaption\"><span class=\"polaroid-gallery-image\" title=\"\" style=\"background-image: url(https:\/\/together-am-fuerberg.de\/wp-content\/uploads\/2018\/02\/Erster-Umgang-mit-der-Schere-ist-schon-eine-neue-coole-Erfahrung-150x150.jpg); width: 150px; height: 150px;\"><\/span><\/a>\n\t\t\t<a href=\"https:\/\/together-am-fuerberg.de\/wp-content\/uploads\/2019\/05\/Eine-ganz-sch\u00f6ne-Arbeit-die-Schlaufe-einzuf\u00e4deln-aber-ich-habe-es-hinbekommen-1024x768.jpg\" title=\"Eine ganz sch\u00f6ne Arbeit, die Schlaufe einzuf\u00e4deln, aber ich habe es hinbekommen\" rel=\"polaroid_341238498\" class=\"polaroid-gallery-item showcaption\"><span class=\"polaroid-gallery-image\" title=\"\" style=\"background-image: url(https:\/\/together-am-fuerberg.de\/wp-content\/uploads\/2019\/05\/Eine-ganz-sch\u00f6ne-Arbeit-die-Schlaufe-einzuf\u00e4deln-aber-ich-habe-es-hinbekommen-150x150.jpg); width: 150px; height: 150px;\"><\/span><\/a>\n\t\t\t<a href=\"https:\/\/together-am-fuerberg.de\/wp-content\/uploads\/2020\/12\/Uff-Schneiden-kann-so-anstrengend-sein-768x1024.jpg\" title=\"Uff, Schneiden kann so anstrengend sein\" rel=\"polaroid_341238498\" class=\"polaroid-gallery-item showcaption\"><span class=\"polaroid-gallery-image\" title=\"\" style=\"background-image: url(https:\/\/together-am-fuerberg.de\/wp-content\/uploads\/2020\/12\/Uff-Schneiden-kann-so-anstrengend-sein-150x150.jpg); width: 150px; height: 150px;\"><\/span><\/a>\n\t\t\t<br style=\"clear: both;\" \/><\/div>\n\n","protected":false},"excerpt":{"rendered":"<p>Wir lernen unsere St\u00e4rken zu St\u00e4rken und dadurch unsere Schw\u00e4chen abzuschw\u00e4chen. Jeder Mensch hat individuelle F\u00e4higkeiten die ihn zu einer eigenst\u00e4ndigen Pers\u00f6nlichkeit wachsen lassen. Die Unterst\u00fctzung dieses Entwicklungsprozesses ist unser &hellip; <a href=\"https:\/\/together-am-fuerberg.de\/?page_id=124\" class=\"more-link\"><span class=\"screen-reader-text\">Das Prinzip \u201eHilf mir es selbst zu tun\u201c<\/span> weiterlesen <span class=\"meta-nav\">&rarr;<\/span><\/a><\/p>\n","protected":false},"author":1,"featured_media":0,"parent":61,"menu_order":4,"comment_status":"closed","ping_status":"closed","template":"","meta":[],"_links":{"self":[{"href":"https:\/\/together-am-fuerberg.de\/index.php?rest_route=\/wp\/v2\/pages\/124"}],"collection":[{"href":"https:\/\/together-am-fuerberg.de\/index.php?rest_route=\/wp\/v2\/pages"}],"about":[{"href":"https:\/\/together-am-fuerberg.de\/index.php?rest_route=\/wp\/v2\/types\/page"}],"author":[{"embeddable":true,"href":"https:\/\/together-am-fuerberg.de\/index.php?rest_route=\/wp\/v2\/users\/1"}],"replies":[{"embeddable":true,"href":"https:\/\/together-am-fuerberg.de\/index.php?rest_route=%2Fwp%2Fv2%2Fcomments&post=124"}],"version-history":[{"count":5,"href":"https:\/\/together-am-fuerberg.de\/index.php?rest_route=\/wp\/v2\/pages\/124\/revisions"}],"predecessor-version":[{"id":2029,"href":"https:\/\/together-am-fuerberg.de\/index.php?rest_route=\/wp\/v2\/pages\/124\/revisions\/2029"}],"up":[{"embeddable":true,"href":"https:\/\/together-am-fuerberg.de\/index.php?rest_route=\/wp\/v2\/pages\/61"}],"wp:attachment":[{"href":"https:\/\/together-am-fuerberg.de\/index.php?rest_route=%2Fwp%2Fv2%2Fmedia&parent=124"}],"curies":[{"name":"wp","href":"https:\/\/api.w.org\/{rel}","templated":true}]}}