{"id":66,"date":"2016-05-27T17:12:54","date_gmt":"2016-05-27T17:12:54","guid":{"rendered":"http:\/\/together-am-fuerberg.bkretschmann.de\/?page_id=66"},"modified":"2019-04-03T14:49:09","modified_gmt":"2019-04-03T14:49:09","slug":"foerderverein","status":"publish","type":"page","link":"http:\/\/together-am-fuerberg.de\/?page_id=66","title":{"rendered":"Projekte"},"content":{"rendered":"<p>Hier ist eine kleine Exkursion durch die Kita, wo wir all die Dinge sehen k\u00f6nnen, die der F\u00f6rderverein bis heute unterst\u00fctzt bzw. erm\u00f6glicht hat!<\/p>\n<p>F\u00fcr den\u00a0<strong>Turnraum<\/strong>:<\/p>\n<ul>\n<li>B\u00e4llebecken mit B\u00e4llen<\/li>\n<li>Turnmatten<\/li>\n<li>Kinderslackline<\/li>\n<li>Deckenbalkenkonstruktion mit\n<ul>\n<li>einer Therapieschaukel<\/li>\n<li>einem H\u00e4ngesack<\/li>\n<li>einem Trapez<\/li>\n<li>einem Hangeltau<\/li>\n<li>einem Schwebetuch und<\/li>\n<li>einem Schaukelball ( Euro 5.000 ,-)<\/li>\n<\/ul>\n<\/li>\n<\/ul>\n<div class='polaroid-gallery galleryid-66' style='width:510px;'>\n\t\t\t<a href=\"http:\/\/together-am-fuerberg.de\/wp-content\/uploads\/2016\/08\/B\u00c4LLEBECKEN-1.jpg\" title=\"B\u00e4llebecken\" rel=\"polaroid_2101132563\" class=\"polaroid-gallery-item showcaption\"><span class=\"polaroid-gallery-image\" title=\"SONY DSC\" style=\"background-image: url(http:\/\/together-am-fuerberg.de\/wp-content\/uploads\/2016\/08\/B\u00c4LLEBECKEN-1-150x150.jpg); width: 150px; height: 150px;\"><\/span><\/a>\n\t\t\t<a href=\"http:\/\/together-am-fuerberg.de\/wp-content\/uploads\/2016\/08\/BALL.jpg\" title=\"Schwebetuch mit Schaukelball\" rel=\"polaroid_2101132563\" class=\"polaroid-gallery-item showcaption\"><span class=\"polaroid-gallery-image\" title=\"SONY DSC\" style=\"background-image: url(http:\/\/together-am-fuerberg.de\/wp-content\/uploads\/2016\/08\/BALL-150x150.jpg); width: 150px; height: 150px;\"><\/span><\/a>\n\t\t\t<a href=\"http:\/\/together-am-fuerberg.de\/wp-content\/uploads\/2016\/08\/SCHAUKEL.jpg\" title=\"H\u00e4ngeschaukel\" rel=\"polaroid_2101132563\" class=\"polaroid-gallery-item showcaption\"><span class=\"polaroid-gallery-image\" title=\"SONY DSC\" style=\"background-image: url(http:\/\/together-am-fuerberg.de\/wp-content\/uploads\/2016\/08\/SCHAUKEL-150x150.jpg); width: 150px; height: 150px;\"><\/span><\/a>\n\t\t\t<br style=\"clear: both;\" \/><\/div>\n\n<p>F\u00fcr die\u00a0<strong>Gruppen<\/strong>:<\/p>\n<ul>\n<li>Liegesack und Liegepolster f\u00fcr zwei Gruppen<\/li>\n<li>Diverse Spiele<\/li>\n<li>Neuanschaffung von Kleinm\u00f6beln \/ Renovierungszuschuss<\/li>\n<li>Bezuschussung von Gruppen- oder Schulzwergeausfl\u00fcgen<\/li>\n<li>Puppenk\u00fcchen<\/li>\n<li>neue Pflanzen<\/li>\n<\/ul>\n<div class='polaroid-gallery galleryid-66' style='width:510px;'>\n\t\t\t<a href=\"http:\/\/together-am-fuerberg.de\/wp-content\/uploads\/2016\/08\/NEBENRAUM-GRUPPE-4.jpg\" title=\"Neugestaltung der Puppenecke von Gruppe 4\" rel=\"polaroid_980352516\" class=\"polaroid-gallery-item showcaption\"><span class=\"polaroid-gallery-image\" title=\"SONY DSC\" style=\"background-image: url(http:\/\/together-am-fuerberg.de\/wp-content\/uploads\/2016\/08\/NEBENRAUM-GRUPPE-4-150x150.jpg); width: 150px; height: 150px;\"><\/span><\/a>\n\t\t\t<a href=\"http:\/\/together-am-fuerberg.de\/wp-content\/uploads\/2016\/08\/STOFFF\u00c4CHER.jpg\" title=\"Stofff\u00e4cher aller Gruppen\" rel=\"polaroid_980352516\" class=\"polaroid-gallery-item showcaption\"><span class=\"polaroid-gallery-image\" title=\"SONY DSC\" style=\"background-image: url(http:\/\/together-am-fuerberg.de\/wp-content\/uploads\/2016\/08\/STOFFF\u00c4CHER-150x150.jpg); width: 150px; height: 150px;\"><\/span><\/a>\n\t\t\t<a href=\"http:\/\/together-am-fuerberg.de\/wp-content\/uploads\/2016\/08\/K\u00dcCHE-PUPPENECKE-768x1024.jpg\" title=\"Puppenk\u00fcchen\" rel=\"polaroid_980352516\" class=\"polaroid-gallery-item showcaption\"><span class=\"polaroid-gallery-image\" title=\"\" style=\"background-image: url(http:\/\/together-am-fuerberg.de\/wp-content\/uploads\/2016\/08\/K\u00dcCHE-PUPPENECKE-150x150.jpg); width: 150px; height: 150px;\"><\/span><\/a>\n\t\t\t<br style=\"clear: both;\" \/>\n\t\t\t<a href=\"http:\/\/together-am-fuerberg.de\/wp-content\/uploads\/2017\/09\/P1130646-1024x768.jpg\" title=\"Teppiche in den Gruppen\" rel=\"polaroid_980352516\" class=\"polaroid-gallery-item showcaption\"><span class=\"polaroid-gallery-image\" title=\"Teppiche in den Gruppen\" style=\"background-image: url(http:\/\/together-am-fuerberg.de\/wp-content\/uploads\/2017\/09\/P1130646-150x150.jpg); width: 150px; height: 150px;\"><\/span><\/a>\n\t\t\t<br style=\"clear: both;\" \/><\/div>\n\n<p>F\u00fcr die\u00a0<strong>Kita:<\/strong><\/p>\n<ul>\n<li>Digitalkameras<\/li>\n<li>Camcorder<\/li>\n<li>Notebook<\/li>\n<li>Musik-Akkustikanlage<\/li>\n<li>Digitale Bilderrahmen<\/li>\n<li>Begr\u00fc\u00dfungsgeschenke neuer Kinder<\/li>\n<li>Abschiedsgeschenke f\u00fcr die Schulzwerge<\/li>\n<li>Finanzielle Unterst\u00fctzung der Einrichtung bei Festen und Basaren<\/li>\n<li>Anschaffung des Boardmakerprogramms\u00a0\u00a0\u00a0\u00a0\u00a0\u00a0\u00a0\u00a0\u00a0\u00a0\u00a0\u00a0\u00a0\u00a0\u00a0\u00a0\u00a0\u00a0\u00a0\u00a0\u00a0\u00a0\u00a0\u00a0\u00a0\u00a0\u00a0\u00a0\u00a0\u00a0\u00a0\u00a0\u00a0\u00a0\u00a0\u00a0\u00a0\u00a0\u00a0\u00a0\u00a0\u00a0\u00a0\u00a0\u00a0\u00a0\u00a0\u00a0\u00a0\u00a0\u00a0\u00a0\u00a0\u00a0\u00a0\u00a0\u00a0\u00a0\u00a0\u00a0\u00a0\u00a0\u00a0\u00a0\u00a0\u00a0\u00a0\u00a0\u00a0\u00a0\u00a0\u00a0\u00a0\u00a0\u00a0\u00a0\u00a0\u00a0\u00a0\u00a0\u00a0\u00a0\u00a0 zur Umsetzung &#8222;Unterst\u00fctzende Kommunikation&#8220;<\/li>\n<li>Stickmaschine<\/li>\n<\/ul>\n<div class='polaroid-gallery galleryid-66' style='width:510px;'>\n\t\t\t<a href=\"http:\/\/together-am-fuerberg.de\/wp-content\/uploads\/2016\/08\/VIDEOKAMERA.jpg\" title=\"Videokamera\" rel=\"polaroid_797003767\" class=\"polaroid-gallery-item showcaption\"><span class=\"polaroid-gallery-image\" title=\"SONY DSC\" style=\"background-image: url(http:\/\/together-am-fuerberg.de\/wp-content\/uploads\/2016\/08\/VIDEOKAMERA-150x150.jpg); width: 150px; height: 150px;\"><\/span><\/a>\n\t\t\t<a href=\"http:\/\/together-am-fuerberg.de\/wp-content\/uploads\/2016\/08\/MUSIKANLAGE.jpg\" title=\"Musikanlage\" rel=\"polaroid_797003767\" class=\"polaroid-gallery-item showcaption\"><span class=\"polaroid-gallery-image\" title=\"SONY DSC\" style=\"background-image: url(http:\/\/together-am-fuerberg.de\/wp-content\/uploads\/2016\/08\/MUSIKANLAGE-150x150.jpg); width: 150px; height: 150px;\"><\/span><\/a>\n\t\t\t<a href=\"http:\/\/together-am-fuerberg.de\/wp-content\/uploads\/2016\/08\/KAPPEN.jpg\" title=\"Kappen als Begr\u00fc\u00dfungsgeschenk\" rel=\"polaroid_797003767\" class=\"polaroid-gallery-item showcaption\"><span class=\"polaroid-gallery-image\" title=\"SONY DSC\" style=\"background-image: url(http:\/\/together-am-fuerberg.de\/wp-content\/uploads\/2016\/08\/KAPPEN-150x150.jpg); width: 150px; height: 150px;\"><\/span><\/a>\n\t\t\t<br style=\"clear: both;\" \/>\n\t\t\t<a href=\"http:\/\/together-am-fuerberg.de\/wp-content\/uploads\/2016\/08\/KAMERA.jpg\" title=\"Fotokamera\" rel=\"polaroid_797003767\" class=\"polaroid-gallery-item showcaption\"><span class=\"polaroid-gallery-image\" title=\"SONY DSC\" style=\"background-image: url(http:\/\/together-am-fuerberg.de\/wp-content\/uploads\/2016\/08\/KAMERA-150x150.jpg); width: 150px; height: 150px;\"><\/span><\/a>\n\t\t\t<a href=\"http:\/\/together-am-fuerberg.de\/wp-content\/uploads\/2016\/08\/BOARDMAKER.jpg\" title=\"Boardmaker-Programm\" rel=\"polaroid_797003767\" class=\"polaroid-gallery-item showcaption\"><span class=\"polaroid-gallery-image\" title=\"SONY DSC\" style=\"background-image: url(http:\/\/together-am-fuerberg.de\/wp-content\/uploads\/2016\/08\/BOARDMAKER-150x150.jpg); width: 150px; height: 150px;\"><\/span><\/a>\n\t\t\t<a href=\"http:\/\/together-am-fuerberg.de\/wp-content\/uploads\/2016\/08\/DIGITALE-BILDERRAHMEN.jpg\" title=\"Digitale Bilderrahmen\" rel=\"polaroid_797003767\" class=\"polaroid-gallery-item showcaption\"><span class=\"polaroid-gallery-image\" title=\"SONY DSC\" style=\"background-image: url(http:\/\/together-am-fuerberg.de\/wp-content\/uploads\/2016\/08\/DIGITALE-BILDERRAHMEN-150x150.jpg); width: 150px; height: 150px;\"><\/span><\/a>\n\t\t\t<br style=\"clear: both;\" \/>\n\t\t\t<a href=\"http:\/\/together-am-fuerberg.de\/wp-content\/uploads\/2019\/04\/Foto-Stickmaschine-3-1024x768.jpg\" title=\"Stickmaschine\" rel=\"polaroid_797003767\" class=\"polaroid-gallery-item showcaption\"><span class=\"polaroid-gallery-image\" title=\"\" style=\"background-image: url(http:\/\/together-am-fuerberg.de\/wp-content\/uploads\/2019\/04\/Foto-Stickmaschine-3-150x150.jpg); width: 150px; height: 150px;\"><\/span><\/a>\n\t\t\t<br style=\"clear: both;\" \/><\/div>\n\n<p>F\u00fcr die\u00a0<strong>Therapie<\/strong>:<\/p>\n<ul>\n<li>Diagnostikkoffer f\u00fcr Kinder unter 3 Jahren<\/li>\n<li>Diagnostikkoffer f\u00fcr Kinder \u00fcber 3 Jahren<\/li>\n<li>Sprachcomputer<\/li>\n<\/ul>\n<div class='polaroid-gallery galleryid-66' style='width:510px;'>\n\t\t\t<a href=\"http:\/\/together-am-fuerberg.de\/wp-content\/uploads\/2016\/08\/BIG-MACK.jpg\" title=\"Sprachcomputer\" rel=\"polaroid_2046451922\" class=\"polaroid-gallery-item showcaption\"><span class=\"polaroid-gallery-image\" title=\"SONY DSC\" style=\"background-image: url(http:\/\/together-am-fuerberg.de\/wp-content\/uploads\/2016\/08\/BIG-MACK-150x150.jpg); width: 150px; height: 150px;\"><\/span><\/a>\n\t\t\t<a href=\"http:\/\/together-am-fuerberg.de\/wp-content\/uploads\/2016\/08\/SET.jpg\" title=\"Diagnostikkoffer\" rel=\"polaroid_2046451922\" class=\"polaroid-gallery-item showcaption\"><span class=\"polaroid-gallery-image\" title=\"SONY DSC\" style=\"background-image: url(http:\/\/together-am-fuerberg.de\/wp-content\/uploads\/2016\/08\/SET-150x150.jpg); width: 150px; height: 150px;\"><\/span><\/a>\n\t\t\t<br style=\"clear: both;\" \/><\/div>\n\n<p>Gestaltung\u00a0<strong>Au\u00dfengel\u00e4nde<\/strong>:<\/p>\n<ul>\n<li>Weidenbepflanzung<\/li>\n<li>Motorik-Pfad und Steintreppe<\/li>\n<li>Balancierkrokodile<\/li>\n<li>Br\u00fcckenbau (ca. Euro 2.000,-)<\/li>\n<li>Seilpfad<\/li>\n<li>Wasserlandschaft und Spielh\u00fctte<\/li>\n<li>Matschsand<\/li>\n<li>Sinnespfad<\/li>\n<li>Wasserpumpe<\/li>\n<\/ul>\n<div class='polaroid-gallery galleryid-66' style='width:510px;'>\n\t\t\t<a href=\"http:\/\/together-am-fuerberg.de\/wp-content\/uploads\/2016\/08\/SEILPFAD.jpg\" title=\"Seilpfad\" rel=\"polaroid_1013119700\" class=\"polaroid-gallery-item showcaption\"><span class=\"polaroid-gallery-image\" title=\"SONY DSC\" style=\"background-image: url(http:\/\/together-am-fuerberg.de\/wp-content\/uploads\/2016\/08\/SEILPFAD-150x150.jpg); width: 150px; height: 150px;\"><\/span><\/a>\n\t\t\t<a href=\"http:\/\/together-am-fuerberg.de\/wp-content\/uploads\/2016\/08\/MATSCHSAND.jpg\" title=\"Matschsand\" rel=\"polaroid_1013119700\" class=\"polaroid-gallery-item showcaption\"><span class=\"polaroid-gallery-image\" title=\"SONY DSC\" style=\"background-image: url(http:\/\/together-am-fuerberg.de\/wp-content\/uploads\/2016\/08\/MATSCHSAND-150x150.jpg); width: 150px; height: 150px;\"><\/span><\/a>\n\t\t\t<a href=\"http:\/\/together-am-fuerberg.de\/wp-content\/uploads\/2016\/08\/KROKODIL.jpg\" title=\"Balancierkrokodile\" rel=\"polaroid_1013119700\" class=\"polaroid-gallery-item showcaption\"><span class=\"polaroid-gallery-image\" title=\"SONY DSC\" style=\"background-image: url(http:\/\/together-am-fuerberg.de\/wp-content\/uploads\/2016\/08\/KROKODIL-150x150.jpg); width: 150px; height: 150px;\"><\/span><\/a>\n\t\t\t<br style=\"clear: both;\" \/>\n\t\t\t<a href=\"http:\/\/together-am-fuerberg.de\/wp-content\/uploads\/2016\/08\/F\u00dcHLPFAD.jpg\" title=\"Sinnespfad\" rel=\"polaroid_1013119700\" class=\"polaroid-gallery-item showcaption\"><span class=\"polaroid-gallery-image\" title=\"SONY DSC\" style=\"background-image: url(http:\/\/together-am-fuerberg.de\/wp-content\/uploads\/2016\/08\/F\u00dcHLPFAD-150x150.jpg); width: 150px; height: 150px;\"><\/span><\/a>\n\t\t\t<a href=\"http:\/\/together-am-fuerberg.de\/wp-content\/uploads\/2016\/08\/BR\u00dcCKE.jpg\" title=\"Br\u00fcckenbau\" rel=\"polaroid_1013119700\" class=\"polaroid-gallery-item showcaption\"><span class=\"polaroid-gallery-image\" title=\"SONY DSC\" style=\"background-image: url(http:\/\/together-am-fuerberg.de\/wp-content\/uploads\/2016\/08\/BR\u00dcCKE-150x150.jpg); width: 150px; height: 150px;\"><\/span><\/a>\n\t\t\t<br style=\"clear: both;\" \/><\/div>\n\n<p>Organisation zweier\u00a0<strong>Benefizkonzerte<\/strong><\/p>\n<ul>\n<li>Spende an ein Kind zur Teilnahme an einer Delphintherapie<\/li>\n<li>Spende zwecks behindertengerechtem Umbau im Elternhaus<\/li>\n<\/ul>\n<p>und vieles Andere mehr &#8230;. !<\/p>\n<p>An dieser Stelle wollen wir noch mal die Gelegenheit nutzen, all unseren Mitgliedern, Freunden und F\u00f6rderern f\u00fcr ihre finanzielle und tatkr\u00e4ftige Unterst\u00fctzung einen ganz besonderen Dank auszusprechen.<\/p>\n<p><span style=\"font-size: medium;\">Wir freuen uns \u00fcber W\u00fcnsche, Anregungen,\u00a0neue Mitglieder, Spenden, Lob, Kritik und vieles mehr&#8230;&#8230;.<\/span><\/p>\n<p>&nbsp;<\/p>\n","protected":false},"excerpt":{"rendered":"<p>Hier ist eine kleine Exkursion durch die Kita, wo wir all die Dinge sehen k\u00f6nnen, die der F\u00f6rderverein bis heute unterst\u00fctzt bzw. erm\u00f6glicht hat! F\u00fcr den\u00a0Turnraum: B\u00e4llebecken mit B\u00e4llen Turnmatten &hellip; <a href=\"http:\/\/together-am-fuerberg.de\/?page_id=66\" class=\"more-link\"><span class=\"screen-reader-text\">Projekte<\/span> weiterlesen <span class=\"meta-nav\">&rarr;<\/span><\/a><\/p>\n","protected":false},"author":1,"featured_media":0,"parent":0,"menu_order":0,"comment_status":"closed","ping_status":"closed","template":"","meta":[],"_links":{"self":[{"href":"http:\/\/together-am-fuerberg.de\/index.php?rest_route=\/wp\/v2\/pages\/66"}],"collection":[{"href":"http:\/\/together-am-fuerberg.de\/index.php?rest_route=\/wp\/v2\/pages"}],"about":[{"href":"http:\/\/together-am-fuerberg.de\/index.php?rest_route=\/wp\/v2\/types\/page"}],"author":[{"embeddable":true,"href":"http:\/\/together-am-fuerberg.de\/index.php?rest_route=\/wp\/v2\/users\/1"}],"replies":[{"embeddable":true,"href":"http:\/\/together-am-fuerberg.de\/index.php?rest_route=%2Fwp%2Fv2%2Fcomments&post=66"}],"version-history":[{"count":26,"href":"http:\/\/together-am-fuerberg.de\/index.php?rest_route=\/wp\/v2\/pages\/66\/revisions"}],"predecessor-version":[{"id":1542,"href":"http:\/\/together-am-fuerberg.de\/index.php?rest_route=\/wp\/v2\/pages\/66\/revisions\/1542"}],"wp:attachment":[{"href":"http:\/\/together-am-fuerberg.de\/index.php?rest_route=%2Fwp%2Fv2%2Fmedia&parent=66"}],"curies":[{"name":"wp","href":"https:\/\/api.w.org\/{rel}","templated":true}]}}